{"id":21,"date":"2025-06-09T09:50:44","date_gmt":"2025-06-09T09:50:44","guid":{"rendered":"https:\/\/audiomule.com\/?page_id=21"},"modified":"2025-06-09T17:04:25","modified_gmt":"2025-06-09T17:04:25","slug":"inicio","status":"publish","type":"page","link":"https:\/\/audiomule.com\/","title":{"rendered":"Producci\u00f3n y publicaci\u00f3n de audiogu\u00edas"},"content":{"rendered":"<div class=\"wp-block-image\"><figure class=\"aligncenter size-full is-resized\"><img loading=\"lazy\" decoding=\"async\" width=\"433\" height=\"244\" src=\"https:\/\/audiomule.com\/wp-content\/uploads\/2025\/06\/audiomule-con-mapa.png\" alt=\"\" class=\"wp-image-81\" style=\"width:271px;height:auto\" srcset=\"https:\/\/audiomule.com\/wp-content\/uploads\/2025\/06\/audiomule-con-mapa.png 433w, https:\/\/audiomule.com\/wp-content\/uploads\/2025\/06\/audiomule-con-mapa-300x169.png 300w\" sizes=\"auto, (max-width: 433px) 100vw, 433px\" \/><\/figure><\/div><p>AudioMule es una plataforma creativa especializada en la <strong>producci\u00f3n y publicaci\u00f3n de audiogu\u00edas culturales<\/strong>. Nuestra misi\u00f3n es hacer que el conocimiento y la experiencia del patrimonio cultural sean accesibles, envolventes y gratuitas para todos.<\/p><p><strong>\u00bfQu\u00e9 hacemos?<\/strong><\/p><ul class=\"wp-block-list\"><li>Producimos <strong>audiogu\u00edas originales<\/strong> para museos, ciudades, monumentos y rutas culturales.<\/li>\n\n<li>Nos encargamos de todo el proceso: <strong>guion, locuci\u00f3n profesional, edici\u00f3n sonora<\/strong> y dise\u00f1o de experiencia.<\/li>\n\n<li>Publicamos el contenido en formato accesible y gratuito a trav\u00e9s de <a class=\"\" href=\"https:\/\/audio-tour.com\"><strong>audio-tour.com<\/strong><\/a>, una plataforma abierta donde los usuarios pueden escuchar sin coste ni registro.<\/li><\/ul><p><strong>\u00bfPor qu\u00e9 AudioMule?<\/strong><\/p><ul class=\"wp-block-list\"><li>Calidad narrativa y sonora: cada audiogu\u00eda es una historia que se vive con los o\u00eddos.<\/li>\n\n<li>Accesibilidad: contenido multiling\u00fce, sin barreras econ\u00f3micas ni tecnol\u00f3gicas.<\/li>\n\n<li>Visi\u00f3n colaborativa: trabajamos con instituciones, gu\u00edas locales y expertos en patrimonio.<\/li><\/ul><p><strong>D\u00f3nde escucharnos<\/strong><br>Descubre nuestras audiogu\u00edas en <a class=\"\" href=\"https:\/\/audio-tour.com\"><strong>audio-tour.com<\/strong><\/a>, desde cualquier dispositivo y sin necesidad de descargar apps.<\/p>","protected":false},"excerpt":{"rendered":"<p>AudioMule es una plataforma creativa especializada en la producci\u00f3n y publicaci\u00f3n de audiogu\u00edas culturales. Nuestra misi\u00f3n es hacer que el conocimiento y la experiencia del patrimonio cultural sean accesibles, envolventes y gratuitas para todos. \u00bfQu\u00e9 hacemos? \u00bfPor qu\u00e9 AudioMule? D\u00f3nde escucharnosDescubre nuestras audiogu\u00edas en audio-tour.com, desde cualquier dispositivo y sin necesidad de descargar apps.<\/p>\n","protected":false},"author":1,"featured_media":0,"parent":0,"menu_order":0,"comment_status":"closed","ping_status":"closed","template":"","meta":{"footnotes":""},"class_list":["post-21","page","type-page","status-publish"],"_links":{"self":[{"href":"https:\/\/audiomule.com\/index.php\/wp-json\/wp\/v2\/pages\/21","targetHints":{"allow":["GET"]}}],"collection":[{"href":"https:\/\/audiomule.com\/index.php\/wp-json\/wp\/v2\/pages"}],"about":[{"href":"https:\/\/audiomule.com\/index.php\/wp-json\/wp\/v2\/types\/page"}],"author":[{"embeddable":true,"href":"https:\/\/audiomule.com\/index.php\/wp-json\/wp\/v2\/users\/1"}],"replies":[{"embeddable":true,"href":"https:\/\/audiomule.com\/index.php\/wp-json\/wp\/v2\/comments?post=21"}],"version-history":[{"count":3,"href":"https:\/\/audiomule.com\/index.php\/wp-json\/wp\/v2\/pages\/21\/revisions"}],"predecessor-version":[{"id":84,"href":"https:\/\/audiomule.com\/index.php\/wp-json\/wp\/v2\/pages\/21\/revisions\/84"}],"wp:attachment":[{"href":"https:\/\/audiomule.com\/index.php\/wp-json\/wp\/v2\/media?parent=21"}],"curies":[{"name":"wp","href":"https:\/\/api.w.org\/{rel}","templated":true}]}}